{"id":5193,"date":"2024-07-26T18:16:45","date_gmt":"2024-07-26T18:16:45","guid":{"rendered":"https:\/\/vallparr.com\/wp\/?post_type=product&#038;p=5193"},"modified":"2024-07-26T18:16:46","modified_gmt":"2024-07-26T18:16:46","slug":"showmatch-sms118-subwoofer-2","status":"publish","type":"product","link":"https:\/\/vallparr.com\/wp\/product\/showmatch-sms118-subwoofer-2\/","title":{"rendered":"ShowMatch SMS118 subwoofer"},"content":{"rendered":"<div id=\"overview\" class=\"bp_page-navigation-content\">\n<p>Bose Professional ShowMatch SMS118 subwoofers are designed primarily to integrate with DeltaQ array loudspeakers and extend low-frequency response down to 29 Hz. The SMS118 enclosure width and integrated rigging allows fast integration in arrays with ShowMatch full-range modules using optional array frames and accessories. The portable-rated Baltic birch enclosure may also be used for ground-stack applications and includes an integrated mounting-pole adapter for use with other mid\/high loudspeakers.<\/p>\n<p>&nbsp;<\/p>\n<\/div>\n<div id=\"features\" class=\"bp_page-navigation-content\">\n<div class=\"bp_section-header-wrap\">\n<h2 class=\"bp_section-header\">FEATURES<\/h2>\n<\/div>\n<div class=\"bp_product_details-feature-cont\">\n<div class=\"bp_product_details-feature-item\">\n<div class=\"bp_intended-list-content\">\n<ul>\n<li>&nbsp;\n<p><b>DeltaQ technology<\/b>\u00a0is the next-generation array design that allows \u201cQ\u201d (directivity) to vary with each module in the array for more consistent coverage over wide frequency range, reduced array weight and cost, and outstanding vocal clarity. Arrays can cover large vertical angles with fewer boxes.<\/p>\n<p>&nbsp;<\/li>\n<li>&nbsp;\n<p><b>ShowMatch DeltaQ companion 1 \u00d7 18-inch subwoofer<\/b>\u00a0for low-frequency extension down to 29 Hz with mixed mid\/high and subwoofer ShowMatch arrays.<\/p>\n<p>&nbsp;<\/li>\n<li>&nbsp;\n<p><b>Bose Professional LF18<\/b>\u00a0neodymium 18-inch, high-excursion, 4.5-inch voice coil, transducer provides maximum performance (same transducer as in Bose Professional RMS218).<\/p>\n<p>&nbsp;<\/li>\n<li>&nbsp;\n<p><b>Integrated 4-point \u201cquick pin\u201d rigging<\/b>\u00a0allows arrays of up to 18 subwoofers with 10:1 safety factor.<\/p>\n<p>&nbsp;<\/li>\n<li>&nbsp;\n<p><b>Front-grille mounted NL4 input<\/b>, plus rear NL4 inputs, allow easy setup for \u201creversed box\u201d cardioid arrays.<\/p>\n<p>&nbsp;<\/li>\n<\/ul>\n<\/div>\n<\/div>\n<div class=\"bp_product_details-feature-item-app bp_product_details-feature-item\">\n<h3 class=\"bp_products-inner-section-title bp_products-headline-h3-30\">Applications<\/h3>\n<p class=\"paragraph-c565bdc\">Designed for a wide range of applications, including:<\/p>\n<div class=\"bp_product-detail-application-list bp_intended-list-content\">\n<ul>\n<li>Theaters<\/li>\n<li>Houses of worship<\/li>\n<li>Auditoriums<\/li>\n<li>Performing arts venues<\/li>\n<li>Arenas<\/li>\n<\/ul>\n<\/div>\n<\/div>\n<\/div>\n<\/div>\n<div class=\"bp_product-detail-specs-cont\">\n<div id=\"specs\" class=\"bp_page-navigation-content\">\n<div id=\"\" class=\"bp_section-header-wrap\">\n<h2 class=\"bp_section-header\">SPECS<\/h2>\n<\/div>\n<div class=\"bp_product-detail-technical-spec-wrap\">\n<h3 class=\"bp_product-detail-specs-title bp_products-headline-h3-30\">TECHNICAL SPECIFICATION<\/h3>\n<div class=\"bp_spec-group\">\n<h6>COMPLIANCE<\/h6>\n<div class=\"bp_spec-group-attribute-wrapper\">\n<ul>\n<li><b>EN 54-24 Certified<\/b><\/li>\n<li>No<\/li>\n<\/ul>\n<\/div>\n<\/div>\n<div class=\"bp_spec-group\">\n<h6>PHYSICAL<\/h6>\n<div class=\"bp_spec-group-attribute-wrapper\">\n<ul>\n<li><b>Colors<\/b><\/li>\n<li>Black<\/li>\n<\/ul>\n<ul>\n<li><b>Enclosure Material<\/b><\/li>\n<li>Baltic birch plywood<\/li>\n<\/ul>\n<ul>\n<li><b>Grille Material<\/b><\/li>\n<li>16-gauge (1.5 mm) perforated steel, powder-coated finish<\/li>\n<\/ul>\n<ul>\n<li><b>Mounting\/Rigging Provisions<\/b><\/li>\n<li>4-point \u201cquick pin\u201d rigging, 4 \u00d7 M10 top &amp; 4 \u00d7 M10 bottom inserts, M20 pole cup<\/li>\n<\/ul>\n<ul>\n<li><b>Net Weight<\/b><\/li>\n<li>136.5 lb (61.9 kg)<\/li>\n<\/ul>\n<ul>\n<li><b>Product Dimensions (H\u00d7W\u00d7D)<\/b><\/li>\n<li>21.2 in \u00d7 30.1 in \u00d7 30.5 in (540 mm \u00d7 765 mm \u00d7 775 mm)<\/li>\n<\/ul>\n<\/div>\n<\/div>\n<div class=\"bp_spec-group\">\n<h6>PERFORMANCE<\/h6>\n<div class=\"bp_spec-group-attribute-wrapper\">\n<ul>\n<li><b>Frequency Range (-10 dB)<\/b><\/li>\n<li>29 Hz \u2013 300 Hz<\/li>\n<\/ul>\n<ul>\n<li><b>Coverage, Horizontal<\/b><\/li>\n<li>Omnidirectional<\/li>\n<\/ul>\n<ul>\n<li><b>Maximum SPL at 1 m<\/b><\/li>\n<li>121 dB (free field\/array), 127 dB (half-space\/ground stack) continuous \/ 127 dB (free field\/array), 133 dB (half-space\/ground stack) peak<\/li>\n<\/ul>\n<ul>\n<li><b>Nominal Impedance<\/b><\/li>\n<li>4 \u03a9<\/li>\n<\/ul>\n<ul>\n<li><b>Power Handling, Continuous<\/b><\/li>\n<li>750 W<\/li>\n<\/ul>\n<ul>\n<li><b>Power Handling, Peak<\/b><\/li>\n<li>3000 W<\/li>\n<\/ul>\n<ul>\n<li><b>Sensitivity (SPL\/1 W at 1 m)<\/b><\/li>\n<li>92 dB (free field\/array), 98 dB (half-space\/ground stack)<\/li>\n<\/ul>\n<ul>\n<li><b>Coverage, Vertical<\/b><\/li>\n<li>Omnidirectional<\/li>\n<\/ul>\n<\/div>\n<\/div>\n<div class=\"bp_spec-group\">\n<h6>TRANSDUCERS<\/h6>\n<div class=\"bp_spec-group-attribute-wrapper\">\n<ul>\n<li><b>Crossover Frequency<\/b><\/li>\n<li>60 Hz \u2013 100 Hz, requires active crossover in DSP<\/li>\n<\/ul>\n<ul>\n<li><b>Low-Frequency Transducer Quantity and Size<\/b><\/li>\n<li>1 \u00d7 Bose Professional LF18 neodymium high-excursion 18 in (457 mm) woofer, 4.5 in (114 mm) voice coil<\/li>\n<\/ul>\n<\/div>\n<\/div>\n<\/div>\n<\/div>\n<div class=\"bp_product-detail-mechanical-diag-wrap\">\n<h3 class=\"bp_product-detail-specs-title bp_products-headline-h3-30\">MECHANICAL DIAGRAMS<\/h3>\n<div class=\"bp-product-mechanical-diagrams\">\n<div class=\"bp-product-mechanical-diagrams-block\">\n<div class=\"bp_mechanical-view-image\">\n<figure><img loading=\"lazy\" decoding=\"async\" class=\"attachment-full size-full\" src=\"https:\/\/assets.boseprofessional.com\/transform\/6b00e38e-49b9-4b4e-8d5d-1f695a6772a0\/MechDiagram_front_OV2-png\" sizes=\"auto, (max-width: 1280px) 100vw, 1280px\" srcset=\"https:\/\/assets.boseprofessional.com\/transform\/6b00e38e-49b9-4b4e-8d5d-1f695a6772a0\/MechDiagram_front_OV2-png 1280w, https:\/\/assets.boseprofessional.com\/transform\/6b00e38e-49b9-4b4e-8d5d-1f695a6772a0\/MechDiagram_front_OV2-png?io=transform:scale,width:150,height:150 150w, https:\/\/assets.boseprofessional.com\/transform\/6b00e38e-49b9-4b4e-8d5d-1f695a6772a0\/MechDiagram_front_OV2-png?io=transform:scale,width:300,height:300 300w, https:\/\/assets.boseprofessional.com\/transform\/6b00e38e-49b9-4b4e-8d5d-1f695a6772a0\/MechDiagram_front_OV2-png?io=transform:scale,width:1024,height:1024 1024w, https:\/\/assets.boseprofessional.com\/transform\/6b00e38e-49b9-4b4e-8d5d-1f695a6772a0\/MechDiagram_front_OV2-png?io=transform:scale,width:480,height:480 480w, https:\/\/assets.boseprofessional.com\/transform\/6b00e38e-49b9-4b4e-8d5d-1f695a6772a0\/MechDiagram_front_OV2-png?io=transform:scale,width:768,height:768 768w, https:\/\/assets.boseprofessional.com\/transform\/6b00e38e-49b9-4b4e-8d5d-1f695a6772a0\/MechDiagram_front_OV2-png?io=transform:scale,width:400,height:400 400w, https:\/\/assets.boseprofessional.com\/transform\/6b00e38e-49b9-4b4e-8d5d-1f695a6772a0\/MechDiagram_front_OV2-png?io=transform:scale,width:100,height:100 100w\" alt=\"mechancial diagram\" width=\"1280\" height=\"1280\" \/><\/figure>\n<\/div>\n<div class=\"bp_mechanical-view-type\">Front View<\/div>\n<\/div>\n<div class=\"bp-product-mechanical-diagrams-block\">\n<div class=\"bp_mechanical-view-image\">\n<figure><img loading=\"lazy\" decoding=\"async\" class=\"attachment-full size-full\" src=\"https:\/\/assets.boseprofessional.com\/m\/2697bf6cc4184249\/original\/MechDiagram_top_OV1-png.png\" sizes=\"auto, (max-width: 1280px) 100vw, 1280px\" srcset=\"https:\/\/assets.boseprofessional.com\/m\/2697bf6cc4184249\/original\/MechDiagram_top_OV1-png.png 1280w, https:\/\/assets.boseprofessional.com\/transform\/74f856c2-9ad5-4a95-ade4-39eb30000211\/MechDiagram_top_OV1-png?io=transform:scale,width:150,height:150 150w, https:\/\/assets.boseprofessional.com\/transform\/74f856c2-9ad5-4a95-ade4-39eb30000211\/MechDiagram_top_OV1-png?io=transform:scale,width:300,height:300 300w, https:\/\/assets.boseprofessional.com\/transform\/74f856c2-9ad5-4a95-ade4-39eb30000211\/MechDiagram_top_OV1-png?io=transform:scale,width:1024,height:1024 1024w, https:\/\/assets.boseprofessional.com\/transform\/74f856c2-9ad5-4a95-ade4-39eb30000211\/MechDiagram_top_OV1-png?io=transform:scale,width:480,height:480 480w, https:\/\/assets.boseprofessional.com\/transform\/74f856c2-9ad5-4a95-ade4-39eb30000211\/MechDiagram_top_OV1-png?io=transform:scale,width:768,height:768 768w, https:\/\/assets.boseprofessional.com\/transform\/74f856c2-9ad5-4a95-ade4-39eb30000211\/MechDiagram_top_OV1-png?io=transform:scale,width:100,height:100 100w\" alt=\"mechDiagram top OV1\" width=\"1280\" height=\"1280\" \/><\/figure>\n<\/div>\n<div class=\"bp_mechanical-view-type\">Top View<\/div>\n<\/div>\n<div class=\"bp-product-mechanical-diagrams-block\">\n<div class=\"bp_mechanical-view-image\">\n<figure><img loading=\"lazy\" decoding=\"async\" class=\"attachment-full size-full\" src=\"https:\/\/assets.boseprofessional.com\/m\/7aa90d905b00cd93\/original\/MechDiagram_right_OV3-png.png\" sizes=\"auto, (max-width: 1280px) 100vw, 1280px\" srcset=\"https:\/\/assets.boseprofessional.com\/m\/7aa90d905b00cd93\/original\/MechDiagram_right_OV3-png.png 1280w, https:\/\/assets.boseprofessional.com\/transform\/3eac11bb-b833-4472-9d2d-05c397a933e8\/MechDiagram_right_OV3-png?io=transform:scale,width:150,height:150 150w, https:\/\/assets.boseprofessional.com\/transform\/3eac11bb-b833-4472-9d2d-05c397a933e8\/MechDiagram_right_OV3-png?io=transform:scale,width:300,height:300 300w, https:\/\/assets.boseprofessional.com\/transform\/3eac11bb-b833-4472-9d2d-05c397a933e8\/MechDiagram_right_OV3-png?io=transform:scale,width:1024,height:1024 1024w, https:\/\/assets.boseprofessional.com\/transform\/3eac11bb-b833-4472-9d2d-05c397a933e8\/MechDiagram_right_OV3-png?io=transform:scale,width:480,height:480 480w, https:\/\/assets.boseprofessional.com\/transform\/3eac11bb-b833-4472-9d2d-05c397a933e8\/MechDiagram_right_OV3-png?io=transform:scale,width:768,height:768 768w, https:\/\/assets.boseprofessional.com\/transform\/3eac11bb-b833-4472-9d2d-05c397a933e8\/MechDiagram_right_OV3-png?io=transform:scale,width:100,height:100 100w\" alt=\"mechanical diagram right view\" width=\"1280\" height=\"1280\" \/><\/figure>\n<\/div>\n<div class=\"bp_mechanical-view-type\">Side View<\/div>\n<\/div>\n<div class=\"bp-product-mechanical-diagrams-block\">\n<div class=\"bp_mechanical-view-image\">\n<figure><img loading=\"lazy\" decoding=\"async\" class=\"attachment-full size-full\" src=\"https:\/\/assets.boseprofessional.com\/m\/1bbda21cd265d84c\/original\/MechDiagram_rear_OV4-png.png\" sizes=\"auto, (max-width: 1280px) 100vw, 1280px\" srcset=\"https:\/\/assets.boseprofessional.com\/m\/1bbda21cd265d84c\/original\/MechDiagram_rear_OV4-png.png 1280w, https:\/\/assets.boseprofessional.com\/transform\/9d41a910-0e26-4811-9d1b-5a7b58564572\/MechDiagram_rear_OV4-png?io=transform:scale,width:150,height:150 150w, https:\/\/assets.boseprofessional.com\/transform\/9d41a910-0e26-4811-9d1b-5a7b58564572\/MechDiagram_rear_OV4-png?io=transform:scale,width:300,height:300 300w, https:\/\/assets.boseprofessional.com\/transform\/9d41a910-0e26-4811-9d1b-5a7b58564572\/MechDiagram_rear_OV4-png?io=transform:scale,width:1024,height:1024 1024w, https:\/\/assets.boseprofessional.com\/transform\/9d41a910-0e26-4811-9d1b-5a7b58564572\/MechDiagram_rear_OV4-png?io=transform:scale,width:480,height:480 480w, https:\/\/assets.boseprofessional.com\/transform\/9d41a910-0e26-4811-9d1b-5a7b58564572\/MechDiagram_rear_OV4-png?io=transform:scale,width:768,height:768 768w, https:\/\/assets.boseprofessional.com\/transform\/9d41a910-0e26-4811-9d1b-5a7b58564572\/MechDiagram_rear_OV4-png?io=transform:scale,width:100,height:100 100w\" alt=\"mechanical diagram rear\" width=\"1280\" height=\"1280\" \/><\/figure>\n<\/div>\n<div class=\"bp_mechanical-view-type\">Rear View<\/div>\n<\/div>\n<div class=\"bp-product-mechanical-diagrams-block\">\n<div class=\"bp_mechanical-view-image\">\n<figure><img loading=\"lazy\" decoding=\"async\" class=\"attachment-full size-full\" src=\"https:\/\/assets.boseprofessional.com\/m\/1740b70213f1abe\/original\/MechDiagram_bottom_OV5-png.png\" sizes=\"auto, (max-width: 1280px) 100vw, 1280px\" srcset=\"https:\/\/assets.boseprofessional.com\/m\/1740b70213f1abe\/original\/MechDiagram_bottom_OV5-png.png 1280w, https:\/\/assets.boseprofessional.com\/transform\/ca587873-a961-48f9-b4ff-22a1f7f59ea7\/MechDiagram_bottom_OV5-png?io=transform:scale,width:150,height:150 150w, https:\/\/assets.boseprofessional.com\/transform\/ca587873-a961-48f9-b4ff-22a1f7f59ea7\/MechDiagram_bottom_OV5-png?io=transform:scale,width:300,height:300 300w, https:\/\/assets.boseprofessional.com\/transform\/ca587873-a961-48f9-b4ff-22a1f7f59ea7\/MechDiagram_bottom_OV5-png?io=transform:scale,width:1024,height:1024 1024w, https:\/\/assets.boseprofessional.com\/transform\/ca587873-a961-48f9-b4ff-22a1f7f59ea7\/MechDiagram_bottom_OV5-png?io=transform:scale,width:480,height:480 480w, https:\/\/assets.boseprofessional.com\/transform\/ca587873-a961-48f9-b4ff-22a1f7f59ea7\/MechDiagram_bottom_OV5-png?io=transform:scale,width:768,height:768 768w, https:\/\/assets.boseprofessional.com\/transform\/ca587873-a961-48f9-b4ff-22a1f7f59ea7\/MechDiagram_bottom_OV5-png?io=transform:scale,width:100,height:100 100w\" alt=\"mechanical diagram bottom\" width=\"1280\" height=\"1280\" \/><\/figure>\n<\/div>\n<div class=\"bp_mechanical-view-type\">Bottom View<\/div>\n<\/div>\n<\/div>\n<\/div>\n<\/div>\n","protected":false},"excerpt":{"rendered":"<h2>SMS118<\/h2>\n<div class=\"bp_product-detail-title-desc-separatore\"><\/div>\n<h2>ShowMatch<\/h2>\n","protected":false},"featured_media":0,"template":"","meta":[],"product_brand":[],"product_cat":[172],"product_tag":[],"class_list":{"0":"post-5193","1":"product","2":"type-product","3":"status-publish","5":"product_cat-subwoofers","7":"first","8":"instock","9":"taxable","10":"shipping-taxable","11":"product-type-simple","12":"add-to-wishlist-after_add_to_cart"},"_links":{"self":[{"href":"https:\/\/vallparr.com\/wp\/wp-json\/wp\/v2\/product\/5193","targetHints":{"allow":["GET"]}}],"collection":[{"href":"https:\/\/vallparr.com\/wp\/wp-json\/wp\/v2\/product"}],"about":[{"href":"https:\/\/vallparr.com\/wp\/wp-json\/wp\/v2\/types\/product"}],"wp:attachment":[{"href":"https:\/\/vallparr.com\/wp\/wp-json\/wp\/v2\/media?parent=5193"}],"wp:term":[{"taxonomy":"product_brand","embeddable":true,"href":"https:\/\/vallparr.com\/wp\/wp-json\/wp\/v2\/product_brand?post=5193"},{"taxonomy":"product_cat","embeddable":true,"href":"https:\/\/vallparr.com\/wp\/wp-json\/wp\/v2\/product_cat?post=5193"},{"taxonomy":"product_tag","embeddable":true,"href":"https:\/\/vallparr.com\/wp\/wp-json\/wp\/v2\/product_tag?post=5193"}],"curies":[{"name":"wp","href":"https:\/\/api.w.org\/{rel}","templated":true}]}}