{"id":5776,"date":"2025-01-22T02:27:27","date_gmt":"2025-01-22T02:27:27","guid":{"rendered":"https:\/\/vallparr.com\/wp\/?page_id=5776"},"modified":"2025-01-23T19:35:16","modified_gmt":"2025-01-23T19:35:16","slug":"ma-university","status":"publish","type":"page","link":"https:\/\/vallparr.com\/wp\/ma-university\/","title":{"rendered":"MA-UNIVERSITY"},"content":{"rendered":"<p><img loading=\"lazy\" decoding=\"async\" class=\"alignnone size-medium wp-image-5874\" src=\"https:\/\/vallparr.com\/wp\/wp-content\/uploads\/2025\/01\/csm_MA_University_schwarz-FullHD_9bf18974c5-300x168.webp\" alt=\"\" width=\"300\" height=\"168\" srcset=\"https:\/\/vallparr.com\/wp\/wp-content\/uploads\/2025\/01\/csm_MA_University_schwarz-FullHD_9bf18974c5-300x168.webp 300w, https:\/\/vallparr.com\/wp\/wp-content\/uploads\/2025\/01\/csm_MA_University_schwarz-FullHD_9bf18974c5.webp 350w\" sizes=\"auto, (max-width: 300px) 100vw, 300px\" \/><\/p>\r\n<p>M\u00e1s informaci\u00f3n acerca de MA-University, en \u00e9ste <strong><a href=\"https:\/\/www.malighting.com\/ma-university\/overview\/\">link<\/a><\/strong><\/p>\r\n<p>Para ingresar al sistema, (SI YA CUENTAS CON TUS CREDENCIALES) presione <strong><a href=\"https:\/\/elearning.malighting.com\/\">AQU\u00cd<\/a>,<\/strong> si a\u00fan no cuentas con Usuario y Contrase\u00f1a, llena el formulario para obtenerlas<\/p>\r\n<p class=\"wpcf7-contact-form-not-found\"><strong>Error:<\/strong> Contact form not found.<\/p>\r\n<p>&nbsp;<\/p>\r\n\r\n<p class=\"alignnone size-medium wp-image-5874\">\u00a0<\/p>\r\n\r\n\r\n\r\n<p>&nbsp;<\/p>\r\n\r\n\r\n\r\n<p>&nbsp;<\/p>\r\n\r\n<p>&nbsp;<\/p>\r\n<p>&nbsp;<\/p>\r\n\r\n<p>&nbsp;<\/p>\r\n","protected":false},"excerpt":{"rendered":"<p>M\u00e1s informaci\u00f3n acerca de MA-University, en \u00e9ste link Para ingresar al sistema, (SI YA CUENTAS CON TUS CREDENCIALES) presione AQU\u00cd, si a\u00fan no cuentas con Usuario y Contrase\u00f1a, llena el formulario para obtenerlas &nbsp; \u00a0 &nbsp; &nbsp; &nbsp; &nbsp; &nbsp;<\/p>\n","protected":false},"author":1,"featured_media":5874,"parent":0,"menu_order":0,"comment_status":"closed","ping_status":"closed","template":"","meta":{"footnotes":""},"class_list":["post-5776","page","type-page","status-publish","has-post-thumbnail","hentry"],"_links":{"self":[{"href":"https:\/\/vallparr.com\/wp\/wp-json\/wp\/v2\/pages\/5776","targetHints":{"allow":["GET"]}}],"collection":[{"href":"https:\/\/vallparr.com\/wp\/wp-json\/wp\/v2\/pages"}],"about":[{"href":"https:\/\/vallparr.com\/wp\/wp-json\/wp\/v2\/types\/page"}],"author":[{"embeddable":true,"href":"https:\/\/vallparr.com\/wp\/wp-json\/wp\/v2\/users\/1"}],"replies":[{"embeddable":true,"href":"https:\/\/vallparr.com\/wp\/wp-json\/wp\/v2\/comments?post=5776"}],"version-history":[{"count":13,"href":"https:\/\/vallparr.com\/wp\/wp-json\/wp\/v2\/pages\/5776\/revisions"}],"predecessor-version":[{"id":5890,"href":"https:\/\/vallparr.com\/wp\/wp-json\/wp\/v2\/pages\/5776\/revisions\/5890"}],"wp:featuredmedia":[{"embeddable":true,"href":"https:\/\/vallparr.com\/wp\/wp-json\/wp\/v2\/media\/5874"}],"wp:attachment":[{"href":"https:\/\/vallparr.com\/wp\/wp-json\/wp\/v2\/media?parent=5776"}],"curies":[{"name":"wp","href":"https:\/\/api.w.org\/{rel}","templated":true}]}}